{"id":15592,"date":"2024-04-19T12:46:24","date_gmt":"2024-04-19T12:46:24","guid":{"rendered":"https:\/\/aimdoll.com\/?page_id=15592"},"modified":"2024-04-24T12:42:10","modified_gmt":"2024-04-24T12:42:10","slug":"about-us","status":"publish","type":"page","link":"https:\/\/protodoll.com\/et\/meist\/","title":{"rendered":"Meist"},"content":{"rendered":"<div data-elementor-type=\"wp-page\" data-elementor-id=\"15592\" class=\"elementor elementor-15592\" data-elementor-post-type=\"page\">\n\t\t\t\t\t\t<section class=\"wd-negative-gap elementor-section elementor-top-section elementor-element elementor-element-63ccb5ca space-xlg elementor-section-boxed elementor-section-height-default elementor-section-height-default\" data-id=\"63ccb5ca\" data-element_type=\"section\">\n\t\t\t\t\t\t<div class=\"elementor-container elementor-column-gap-default\">\n\t\t\t\t\t<div class=\"elementor-column elementor-col-100 elementor-top-column elementor-element elementor-element-7328e9f9\" data-id=\"7328e9f9\" data-element_type=\"column\">\n\t\t\t<div class=\"elementor-widget-wrap elementor-element-populated\">\n\t\t\t\t\t\t<div class=\"elementor-element elementor-element-65436a36 m-t-n-xs mb-5 elementor-widget elementor-widget-heading\" data-id=\"65436a36\" data-element_type=\"widget\" data-widget_type=\"heading.default\">\n\t\t\t\t<div class=\"elementor-widget-container\">\n\t\t\t<style>\/*! elementor - v3.21.0 - 15-04-2024 *\/\n.elementor-heading-title{padding:0;margin:0;line-height:1}.elementor-widget-heading .elementor-heading-title[class*=elementor-size-]>a{color:inherit;font-size:inherit;line-height:inherit}.elementor-widget-heading .elementor-heading-title.elementor-size-small{font-size:15px}.elementor-widget-heading .elementor-heading-title.elementor-size-medium{font-size:19px}.elementor-widget-heading .elementor-heading-title.elementor-size-large{font-size:29px}.elementor-widget-heading .elementor-heading-title.elementor-size-xl{font-size:39px}.elementor-widget-heading .elementor-heading-title.elementor-size-xxl{font-size:59px}<\/style><h2 class=\"elementor-heading-title elementor-size-default\">AINODOLLI KOHTA<\/h2>\t\t<\/div>\n\t\t\t\t<\/div>\n\t\t\t\t<div class=\"elementor-element elementor-element-596e654d mb-4 elementor-widget elementor-widget-heading\" data-id=\"596e654d\" data-element_type=\"widget\" data-widget_type=\"heading.default\">\n\t\t\t\t<div class=\"elementor-widget-container\">\n\t\t\t<h3 class=\"elementor-heading-title elementor-size-default\">Kes me oleme<\/h3>\t\t<\/div>\n\t\t\t\t<\/div>\n\t\t\t\t<section class=\"elementor-section elementor-inner-section elementor-element elementor-element-7fd9f02d elementor-section-full_width elementor-section-height-default elementor-section-height-default\" data-id=\"7fd9f02d\" data-element_type=\"section\">\n\t\t\t\t\t\t<div class=\"elementor-container elementor-column-gap-default\">\n\t\t\t\t\t<div class=\"elementor-column elementor-col-100 elementor-inner-column elementor-element elementor-element-6e5a7277\" data-id=\"6e5a7277\" data-element_type=\"column\">\n\t\t\t<div class=\"elementor-widget-wrap elementor-element-populated\">\n\t\t\t\t\t\t<div class=\"elementor-element elementor-element-4f47d2b8 color-scheme-inherit text-left elementor-widget elementor-widget-text-editor\" data-id=\"4f47d2b8\" data-element_type=\"widget\" data-widget_type=\"text-editor.default\">\n\t\t\t\t<div class=\"elementor-widget-container\">\n\t\t\t<style>\/*! elementor - v3.21.0 - 15-04-2024 *\/\n.elementor-widget-text-editor.elementor-drop-cap-view-stacked .elementor-drop-cap{background-color:#69727d;color:#fff}.elementor-widget-text-editor.elementor-drop-cap-view-framed .elementor-drop-cap{color:#69727d;border:3px solid;background-color:transparent}.elementor-widget-text-editor:not(.elementor-drop-cap-view-default) .elementor-drop-cap{margin-top:8px}.elementor-widget-text-editor:not(.elementor-drop-cap-view-default) .elementor-drop-cap-letter{width:1em;height:1em}.elementor-widget-text-editor .elementor-drop-cap{float:left;text-align:center;line-height:1;font-size:50px}.elementor-widget-text-editor .elementor-drop-cap-letter{display:inline-block}<\/style>\t\t\t\t<p>Ainodoll.com on mini-seksnukkude ametlik veebisait. Oleme Sex Dolls Team Hiinast ja meil on 6-aastane seksnukkude veebim\u00fc\u00fcgi kogemus. Praegu m\u00fc\u00fcakse meie mini-seksnukke peamiselt P\u00f5hja-Ameerikas, Euroopas, Jaapanis ja Austraalias.<\/p>\t\t\t\t\t\t<\/div>\n\t\t\t\t<\/div>\n\t\t\t\t\t<\/div>\n\t\t<\/div>\n\t\t\t\t\t<\/div>\n\t\t<\/section>\n\t\t\t\t<div class=\"elementor-element elementor-element-1a33b11d m-b-xl elementor-widget elementor-widget-heading\" data-id=\"1a33b11d\" data-element_type=\"widget\" data-widget_type=\"heading.default\">\n\t\t\t\t<div class=\"elementor-widget-container\">\n\t\t\t<h2 class=\"elementor-heading-title elementor-size-default\">Miks valida meid<\/h2>\t\t<\/div>\n\t\t\t\t<\/div>\n\t\t\t\t<section class=\"elementor-section elementor-inner-section elementor-element elementor-element-404f4648 elementor-section-full_width mb-4 pb-1 elementor-section-height-default elementor-section-height-default\" data-id=\"404f4648\" data-element_type=\"section\">\n\t\t\t\t\t\t<div class=\"elementor-container elementor-column-gap-default\">\n\t\t\t\t\t<div class=\"elementor-column elementor-col-100 elementor-inner-column elementor-element elementor-element-6a15efb2\" data-id=\"6a15efb2\" data-element_type=\"column\">\n\t\t\t<div class=\"elementor-widget-wrap elementor-element-populated\">\n\t\t\t\t\t\t<div class=\"elementor-element elementor-element-f38a1ea color-scheme-inherit text-left elementor-widget elementor-widget-text-editor\" data-id=\"f38a1ea\" data-element_type=\"widget\" data-widget_type=\"text-editor.default\">\n\t\t\t\t<div class=\"elementor-widget-container\">\n\t\t\t\t\t\t\t<h5>*100% autentsed, sertifitseeritud originaalsed tehase seksnukud<\/h5><p>Professionaalse mini-seksnukkude tarnijana pakume ainult kvaliteetseid nukutooteid ja teeme koost\u00f6\u00f6d tootjatega, kes vastavad meie kvaliteedin\u00f5uetele, nagu WM Dolls, Irontech Doll, 6Ye Doll jne.<br \/>Me teame, mida soovite, kui ostate kvaliteetset seksnukku, ja meil on valik elutruu seksnukke just teile. Meie nukud on t\u00e4pse disaini tulemus, mis muudab nende kasutamise p\u00f5nevaks ja ergutavaks. Meie armastusnukud on k\u00e4sitsi voolitud professionaalide poolt, kes p\u00fchendavad palju aega, et tuua esile iga detail. Oleme ainodollis uhked, et p\u00f6\u00f6rame t\u00e4helepanu detailidele ja toote kvaliteedile ning tagame seega oma klientide rahulolu.<\/p><h5>* Tohutu nukkude kollektsioon (2000+ mininukku)<\/h5><p>Meie nukutehas t\u00f6\u00f6tab v\u00e4lja uusi mudeleid, et lisada igal n\u00e4dalal uusi armastusnukke. Kuna valida on nii paljude kehade ja peastiilide vahel, on k\u00f5ik v\u00f5imalik! Alates suurtest lopsakatest modellidest kuni k\u00f5hnade ja nobedate beebideni \u2013 igale maitsele saab vastata. Siia kuuluvad ka m\u00f5ned meie eksootilised armastajad, sealhulgas p\u00e4kapikukaunitarid ja tursked emad. Vahetatavate peadega pole kunagi olnud lihtsam asju segada ja midagi uut proovida!<\/p><h5>*Turvaline makse<\/h5><p>Meie veebisait on SSL-kr\u00fcptitud ja kasutame teie privaatsuse ja turvalisuse tagamiseks ka PayPali. Me ei t\u00f6\u00f6tle teie tellimust enne, kui oleme kinnitanud, et teie makseteave on \u00f5ige. K\u00f5ik meie pangatehingud, k\u00f5ik tarnitud, ei p\u00f5hine toote olemusel. Oleme p\u00fchendunud k\u00f5rgeima privaatsuse tagamisele ega avalda kunagi teie isikuandmeid kolmandatele isikutele. Makseteabe saamiseks vaadake palun maksejuhiste lehte.<\/p><h5>* Taskukohane ja \u00f5iglane hind<\/h5><p>Ainodoll.com seksnukke ostes v\u00f5ite alati olla kindel, et leiate midagi oma eelarve piires. Meie luksuslike seksnukkude valik on m\u00f5istliku hinnaga. Meie eesm\u00e4rk on pakkuda teile seksnukku, mis teenib teid suurep\u00e4raselt ja on k\u00e4eulatuses.<\/p><h5>* Ei mingit kelmust ja rahulolu ostu garantii<\/h5>\t\t\t\t\t\t<\/div>\n\t\t\t\t<\/div>\n\t\t\t\t\t<\/div>\n\t\t<\/div>\n\t\t\t\t\t<\/div>\n\t\t<\/section>\n\t\t\t\t<section class=\"elementor-section elementor-inner-section elementor-element elementor-element-47670a94 elementor-section-full_width elementor-section-height-default elementor-section-height-default\" data-id=\"47670a94\" data-element_type=\"section\">\n\t\t\t\t\t\t<div class=\"elementor-container elementor-column-gap-default\">\n\t\t\t\t\t<div class=\"elementor-column elementor-col-100 elementor-inner-column elementor-element elementor-element-37e64a0a\" data-id=\"37e64a0a\" data-element_type=\"column\">\n\t\t\t<div class=\"elementor-widget-wrap elementor-element-populated\">\n\t\t\t\t\t\t<div class=\"elementor-element elementor-element-1012628c color-scheme-inherit text-left elementor-widget elementor-widget-text-editor\" data-id=\"1012628c\" data-element_type=\"widget\" data-widget_type=\"text-editor.default\">\n\t\t\t\t<div class=\"elementor-widget-container\">\n\t\t\t\t\t\t\t<p>Me ei paku valereklaamiga tooteid, suhtume siiralt ja tervitame iga klienti, kes armastab seksinukke.<\/p><p>Lisaks teeme k\u00f5vasti t\u00f6\u00f6d selle nimel, et saaksite parima v\u00f5imaliku seksnuku. Kontrollime visuaalselt iga nukku pealaest jalatallani, enne kui anname n\u00f5usoleku, et ta teie juurde koju tuleb. Ta ei lahku enne, kui ta on m\u00f6\u00f6das. V\u00f5ime isegi tagada, et pisiasjad, mida olete spetsiaalselt n\u00f5udnud, hoolitsetakse teie spetsifikatsioonide kohaselt.<\/p><p>Kui teie nuku k\u00e4ttesaamisel ilmneb teie tellimuses viga (defektid v\u00f5i valesti saadetis), parandame selle v\u00f5i asendame selle. Lisateabe saamiseks vaadake tagastuspoliitika lehte.<\/p>\t\t\t\t\t\t<\/div>\n\t\t\t\t<\/div>\n\t\t\t\t\t<\/div>\n\t\t<\/div>\n\t\t\t\t\t<\/div>\n\t\t<\/section>\n\t\t\t\t\t<\/div>\n\t\t<\/div>\n\t\t\t\t\t<\/div>\n\t\t<\/section>\n\t\t\t\t<\/div>","protected":false},"excerpt":{"rendered":"<p>AINODOLLI KOHTA Kes me oleme Ainodoll.com on mini-seksnukkude ametlik veebisait. Oleme seksnukkude meeskond<\/p>","protected":false},"author":1,"featured_media":0,"parent":0,"menu_order":0,"comment_status":"closed","ping_status":"closed","template":"","meta":{"footnotes":""},"aioseo_notices":[],"_links":{"self":[{"href":"https:\/\/protodoll.com\/et\/wp-json\/wp\/v2\/pages\/15592"}],"collection":[{"href":"https:\/\/protodoll.com\/et\/wp-json\/wp\/v2\/pages"}],"about":[{"href":"https:\/\/protodoll.com\/et\/wp-json\/wp\/v2\/types\/page"}],"author":[{"embeddable":true,"href":"https:\/\/protodoll.com\/et\/wp-json\/wp\/v2\/users\/1"}],"replies":[{"embeddable":true,"href":"https:\/\/protodoll.com\/et\/wp-json\/wp\/v2\/comments?post=15592"}],"version-history":[{"count":9,"href":"https:\/\/protodoll.com\/et\/wp-json\/wp\/v2\/pages\/15592\/revisions"}],"predecessor-version":[{"id":21455,"href":"https:\/\/protodoll.com\/et\/wp-json\/wp\/v2\/pages\/15592\/revisions\/21455"}],"wp:attachment":[{"href":"https:\/\/protodoll.com\/et\/wp-json\/wp\/v2\/media?parent=15592"}],"curies":[{"name":"wp","href":"https:\/\/api.w.org\/{rel}","templated":true}]}}