{"id":20153,"date":"2024-04-22T12:30:36","date_gmt":"2024-04-22T12:30:36","guid":{"rendered":"https:\/\/aimdoll.com\/product\/chest-teen-riding-video-little-female-plump-mini-silicone-doll\/"},"modified":"2024-05-14T08:41:56","modified_gmt":"2024-05-14T08:41:56","slug":"chest-teen-riding-video-little-female-plump-mini-silicone-doll","status":"publish","type":"product","link":"https:\/\/protodoll.com\/et\/product\/rinnus-teismeliste-ratsutamisvideo-vaike-naissoost-lihav-mini-silikooninukk\/","title":{"rendered":"Rinnaga teismeliste ratsutamisvideo v\u00e4ike naissoost lihav mini-silikooninukk"},"content":{"rendered":"<p>See on p\u00e4riselu armastuse seksnukk v\u00e4ikese rinnaga p\u00e4ris nukk, mis lubab t\u00e4ielikult kaasahaaravat ja realistlikku seksuaalset kohtumist. Seda seet\u00f5ttu, et see seksnuku gif-nukuga ratsutav teismeline nukk oli h\u00e4sti ehitatud. Kasutades kvaliteetset meditsiinilise kvaliteediga silikoonmaterjalide segu. Lisaks vastupidav kerge metallraam. Seda v\u00e4ikest seksinuku tumblr p\u00e4risnukku saab paigutada p\u00e4ris mitmesse seksiasendisse. Samuti saate pisikese t\u00f5elise nuku seksivideo jaoks asetada selle uue lihava mini-seksnuku igasse enda valitud seksikasse poosi.<\/p>\n<p>Lisaks, kui teile meeldib video Jaapanist p\u00e4rit naissoost Aasia seksinukust. Sellel realistlikul armastusnukul on omadused, mis panevad sind nautima pisikese p\u00e4risnuku kuradi tegemist.<\/p>\n<p>Veelgi enam, nagu parima kvaliteediga nukud, mida leidub tasuta p\u00e4ris mehe kuradi v\u00e4ikese t\u00fcdruku nukupornos. Sellel kogu kehal ehtsal nukul on k\u00f5ik omadused, mida vajate suurep\u00e4rase seksuaalse episoodi jaoks.<\/p>\n<p>&nbsp;<\/p>\n\t\t<div data-elementor-type=\"section\" data-elementor-id=\"15956\" class=\"elementor elementor-15956\" data-elementor-post-type=\"elementor_library\">\n\t\t\t<div class=\"wd-negative-gap elementor-element elementor-element-e744d45 e-flex e-con-boxed e-con e-parent\" data-id=\"e744d45\" data-element_type=\"container\">\n\t\t\t\t\t<div class=\"e-con-inner\">\n\t\t<div class=\"wd-negative-gap elementor-element elementor-element-2abc4734 e-flex e-con-boxed e-con e-child\" data-id=\"2abc4734\" data-element_type=\"container\">\n\t\t\t\t\t<div class=\"e-con-inner\">\n\t\t<div class=\"wd-negative-gap elementor-element elementor-element-e4e90d0 e-flex e-con-boxed e-con e-child\" data-id=\"e4e90d0\" data-element_type=\"container\">\n\t\t\t\t\t<div class=\"e-con-inner\">\n\t\t\t\t<div class=\"elementor-element elementor-element-2191b1a4 elementor-cta--skin-cover elementor-animated-content elementor-bg-transform elementor-bg-transform-zoom-in elementor-widget elementor-widget-call-to-action\" data-id=\"2191b1a4\" data-element_type=\"widget\" data-widget_type=\"call-to-action.default\">\n\t\t\t\t<div class=\"elementor-widget-container\">\n\t\t\t\t\t<a class=\"elementor-cta\" href=\"https:\/\/protodoll.com\/et\/seksinuku-pildid\/\">\n\t\t\t\t\t<div class=\"elementor-cta__bg-wrapper\">\n\t\t\t\t<div class=\"elementor-cta__bg elementor-bg\" style=\"background-image: url(https:\/\/protodoll.com\/wp-content\/uploads\/2024\/04\/redirect.jpg);\" role=\"img\" aria-label=\"\u00fcmber suunata\"><\/div>\n\t\t\t\t<div class=\"elementor-cta__bg-overlay\"><\/div>\n\t\t\t<\/div>\n\t\t\t\t\t\t\t<div class=\"elementor-cta__content\">\n\t\t\t\t\n\t\t\t\t\t\t\t\t\t<h2 class=\"elementor-cta__title elementor-cta__content-item elementor-content-item elementor-animated-item--grow\">\n\t\t\t\t\t\t2500+ v\u00e4ikest mini-seksnukku <\/br>sexdollxxx .com\t\t\t\t\t<\/h2>\n\t\t\t\t\n\t\t\t\t\t\t\t\t\t<div class=\"elementor-cta__description elementor-cta__content-item elementor-content-item elementor-animated-item--grow\">\n\t\t\t\t\t\t40 cm, 60 cm, 80 cm, 100 cm, 120 cm, 140 cm\t\t\t\t\t<\/div>\n\t\t\t\t\n\t\t\t\t\t\t\t\t\t<div class=\"elementor-cta__button-wrapper elementor-cta__content-item elementor-content-item elementor-animated-item--grow\">\n\t\t\t\t\t<span class=\"elementor-cta__button elementor-button elementor-size-md\">\n\t\t\t\t\t\tOsta n\u00fc\u00fcd\t\t\t\t\t<\/span>\n\t\t\t\t\t<\/div>\n\t\t\t\t\t\t\t<\/div>\n\t\t\t\t\t\t<\/a>\n\t\t\t\t<\/div>\n\t\t\t\t<\/div>\n\t\t\t\t\t<\/div>\n\t\t\t\t<\/div>\n\t\t\t\t\t<\/div>\n\t\t\t\t<\/div>\n\t\t\t\t\t<\/div>\n\t\t\t\t<\/div>\n\t\t\t\t<\/div>","protected":false},"excerpt":{"rendered":"<div data-elementor-type=\"section\" data-elementor-id=\"15952\" class=\"elementor elementor-15952\" data-elementor-post-type=\"elementor_library\">\n<div class=\"wd-negative-gap elementor-element elementor-element-49f97e26 e-flex e-con-boxed e-con e-parent\" data-id=\"49f97e26\" data-element_type=\"container\">\n<div class=\"e-con-inner\">\n<div class=\"wd-negative-gap elementor-element elementor-element-449b9556 e-flex e-con-boxed e-con e-child\" data-id=\"449b9556\" data-element_type=\"container\">\n<div class=\"e-con-inner\">\n<div class=\"elementor-element elementor-element-613a7c10 elementor-cta--skin-cover elementor-animated-content elementor-bg-transform elementor-bg-transform-zoom-in elementor-widget elementor-widget-call-to-action\" data-id=\"613a7c10\" data-element_type=\"widget\" data-widget_type=\"call-to-action.default\">\n<div class=\"elementor-widget-container\">\n\t\t\t<link rel=\"stylesheet\" href=\"https:\/\/protodoll.com\/wp-content\/uploads\/elementor\/css\/custom-pro-widget-call-to-action.min.css?ver=1716435460\">\t\t<a class=\"elementor-cta\" href=\"https:\/\/protodoll.com\/et\/seksinuku-pildid\/\"><\/p>\n<div class=\"elementor-cta__bg-wrapper\">\n<div class=\"elementor-cta__bg elementor-bg\" style=\"background-image: url(https:\/\/protodoll.com\/wp-content\/uploads\/2024\/04\/redirect-1.jpg);\" role=\"img\" aria-label=\"redirect.jpg\"><\/div>\n<div class=\"elementor-cta__bg-overlay\"><\/div>\n<\/p><\/div>\n<div class=\"elementor-cta__content\">\n<h2 class=\"elementor-cta__title elementor-cta__content-item elementor-content-item elementor-animated-item--grow\">\n\t\t\t\t\t\t2500+ v\u00e4ikest mini-seksnukku <\/br>sexdollxxx .com\t\t\t\t\t<\/h2>\n<div class=\"elementor-cta__description elementor-cta__content-item elementor-content-item elementor-animated-item--grow\">\n\t\t\t\t\t\t40 cm, 60 cm, 80 cm, 100 cm, 120 cm, 140 cm\t\t\t\t\t<\/div>\n<div class=\"elementor-cta__button-wrapper elementor-cta__content-item elementor-content-item elementor-animated-item--grow\">\n\t\t\t\t\t<span class=\"elementor-cta__button elementor-button elementor-size-md\"><br \/>\n\t\t\t\t\t\tOsta n\u00fc\u00fcd\t\t\t\t\t<\/span>\n\t\t\t\t\t<\/div>\n<\/p><\/div>\n<p>\t\t\t\t\t\t<\/a>\n\t\t\t\t<\/div>\n<\/p><\/div>\n<\/p><\/div>\n<\/p><\/div>\n<\/p><\/div>\n<\/p><\/div>\n<\/p><\/div>","protected":false},"featured_media":15950,"comment_status":"closed","ping_status":"closed","template":"","meta":[],"product_cat":[803,797,791],"product_tag":[],"aioseo_notices":[],"_links":{"self":[{"href":"https:\/\/protodoll.com\/et\/wp-json\/wp\/v2\/product\/20153"}],"collection":[{"href":"https:\/\/protodoll.com\/et\/wp-json\/wp\/v2\/product"}],"about":[{"href":"https:\/\/protodoll.com\/et\/wp-json\/wp\/v2\/types\/product"}],"replies":[{"embeddable":true,"href":"https:\/\/protodoll.com\/et\/wp-json\/wp\/v2\/comments?post=20153"}],"version-history":[{"count":1,"href":"https:\/\/protodoll.com\/et\/wp-json\/wp\/v2\/product\/20153\/revisions"}],"predecessor-version":[{"id":20154,"href":"https:\/\/protodoll.com\/et\/wp-json\/wp\/v2\/product\/20153\/revisions\/20154"}],"wp:featuredmedia":[{"embeddable":true,"href":"https:\/\/protodoll.com\/et\/wp-json\/wp\/v2\/media\/15950"}],"wp:attachment":[{"href":"https:\/\/protodoll.com\/et\/wp-json\/wp\/v2\/media?parent=20153"}],"wp:term":[{"taxonomy":"product_cat","embeddable":true,"href":"https:\/\/protodoll.com\/et\/wp-json\/wp\/v2\/product_cat?post=20153"},{"taxonomy":"product_tag","embeddable":true,"href":"https:\/\/protodoll.com\/et\/wp-json\/wp\/v2\/product_tag?post=20153"}],"curies":[{"name":"wp","href":"https:\/\/api.w.org\/{rel}","templated":true}]}}