{"id":20173,"date":"2024-04-22T12:30:36","date_gmt":"2024-04-22T12:30:36","guid":{"rendered":"https:\/\/aimdoll.com\/product\/height-video-buying-young-tits-teen-tpe-sex-doll\/"},"modified":"2024-05-15T07:15:50","modified_gmt":"2024-05-15T07:15:50","slug":"height-video-buying-young-tits-teen-tpe-sex-doll","status":"publish","type":"product","link":"https:\/\/protodoll.com\/et\/product\/korgus-video-noorte-tisside-ostmine-teen-tpe-sex-nukk\/","title":{"rendered":"K\u00f5rgus video noorte tisside ostmine teen tpe sex nukk"},"content":{"rendered":"<p>Kas soovite seksnukku k\u00f5rgusega 140 cm p\u00e4risnukku lameda rinnaga silikoonist armastusnuku seksi jaoks? Sellel cm nukul tpe seksivideonukul on k\u00f5ik esmaklassilise v\u00e4ikese amy seksnuku omadused. Kujundage t\u00f5elise elava noore t\u00fcdruku realistlik v\u00e4limus. Kogemata lapsest seksnuku ostmise eest arreteeritud mehel on lihtne. Kuigi m\u00f5nele v\u00f5ib lapse seksnukk vastik olla. See on reaalselt k\u00f5ige turvalisem viis oma unikaalsete seksuaalsete ihade uurimiseks ilma kellelegi haiget tegemata.<\/p>\n<p>Lisaks pakub see noor seksnukk nii palju realistlikkust. Saate luua emotsionaalse sideme, mis \u00fcletab pelgalt f\u00fc\u00fcsilise rahulduse. Seet\u00f5ttu on see seksikas seksnukk 100 cm ideaalne pikaajaliseks kasutamiseks. Lisaks sellele v\u00f5ite loota, et saate sellelt realistlikult t\u00f5elise nukult palju ja palju s\u00fcgavalt stimuleerivaid seksuaalseid kohtumisi. T\u00e4nu kvaliteeditasemele, mis n\u00f5uab vastupidavust. Seega vastutustundliku kasutamisega soovitatud ulatuses. See elutruu t\u00f5eline nukk v\u00f5ib pakkuda lugematuid kasutustunde.<\/p>\n<p>&nbsp;<\/p>\n\t\t<div data-elementor-type=\"section\" data-elementor-id=\"15956\" class=\"elementor elementor-15956\" data-elementor-post-type=\"elementor_library\">\n\t\t\t<div class=\"wd-negative-gap elementor-element elementor-element-e744d45 e-flex e-con-boxed e-con e-parent\" data-id=\"e744d45\" data-element_type=\"container\">\n\t\t\t\t\t<div class=\"e-con-inner\">\n\t\t<div class=\"wd-negative-gap elementor-element elementor-element-2abc4734 e-flex e-con-boxed e-con e-child\" data-id=\"2abc4734\" data-element_type=\"container\">\n\t\t\t\t\t<div class=\"e-con-inner\">\n\t\t<div class=\"wd-negative-gap elementor-element elementor-element-e4e90d0 e-flex e-con-boxed e-con e-child\" data-id=\"e4e90d0\" data-element_type=\"container\">\n\t\t\t\t\t<div class=\"e-con-inner\">\n\t\t\t\t<div class=\"elementor-element elementor-element-2191b1a4 elementor-cta--skin-cover elementor-animated-content elementor-bg-transform elementor-bg-transform-zoom-in elementor-widget elementor-widget-call-to-action\" data-id=\"2191b1a4\" data-element_type=\"widget\" data-widget_type=\"call-to-action.default\">\n\t\t\t\t<div class=\"elementor-widget-container\">\n\t\t\t\t\t<a class=\"elementor-cta\" href=\"https:\/\/protodoll.com\/et\/seksinuku-pildid\/\">\n\t\t\t\t\t<div class=\"elementor-cta__bg-wrapper\">\n\t\t\t\t<div class=\"elementor-cta__bg elementor-bg\" style=\"background-image: url(https:\/\/protodoll.com\/wp-content\/uploads\/2024\/04\/redirect.jpg);\" role=\"img\" aria-label=\"\u00fcmber suunata\"><\/div>\n\t\t\t\t<div class=\"elementor-cta__bg-overlay\"><\/div>\n\t\t\t<\/div>\n\t\t\t\t\t\t\t<div class=\"elementor-cta__content\">\n\t\t\t\t\n\t\t\t\t\t\t\t\t\t<h2 class=\"elementor-cta__title elementor-cta__content-item elementor-content-item elementor-animated-item--grow\">\n\t\t\t\t\t\t2500+ v\u00e4ikest mini-seksnukku <\/br>sexdollxxx .com\t\t\t\t\t<\/h2>\n\t\t\t\t\n\t\t\t\t\t\t\t\t\t<div class=\"elementor-cta__description elementor-cta__content-item elementor-content-item elementor-animated-item--grow\">\n\t\t\t\t\t\t40 cm, 60 cm, 80 cm, 100 cm, 120 cm, 140 cm\t\t\t\t\t<\/div>\n\t\t\t\t\n\t\t\t\t\t\t\t\t\t<div class=\"elementor-cta__button-wrapper elementor-cta__content-item elementor-content-item elementor-animated-item--grow\">\n\t\t\t\t\t<span class=\"elementor-cta__button elementor-button elementor-size-md\">\n\t\t\t\t\t\tOsta n\u00fc\u00fcd\t\t\t\t\t<\/span>\n\t\t\t\t\t<\/div>\n\t\t\t\t\t\t\t<\/div>\n\t\t\t\t\t\t<\/a>\n\t\t\t\t<\/div>\n\t\t\t\t<\/div>\n\t\t\t\t\t<\/div>\n\t\t\t\t<\/div>\n\t\t\t\t\t<\/div>\n\t\t\t\t<\/div>\n\t\t\t\t\t<\/div>\n\t\t\t\t<\/div>\n\t\t\t\t<\/div>","protected":false},"excerpt":{"rendered":"<div data-elementor-type=\"section\" data-elementor-id=\"15952\" class=\"elementor elementor-15952\" data-elementor-post-type=\"elementor_library\">\n<div class=\"wd-negative-gap elementor-element elementor-element-49f97e26 e-flex e-con-boxed e-con e-parent\" data-id=\"49f97e26\" data-element_type=\"container\">\n<div class=\"e-con-inner\">\n<div class=\"wd-negative-gap elementor-element elementor-element-449b9556 e-flex e-con-boxed e-con e-child\" data-id=\"449b9556\" data-element_type=\"container\">\n<div class=\"e-con-inner\">\n<div class=\"elementor-element elementor-element-613a7c10 elementor-cta--skin-cover elementor-animated-content elementor-bg-transform elementor-bg-transform-zoom-in elementor-widget elementor-widget-call-to-action\" data-id=\"613a7c10\" data-element_type=\"widget\" data-widget_type=\"call-to-action.default\">\n<div class=\"elementor-widget-container\">\n\t\t\t<link rel=\"stylesheet\" href=\"https:\/\/protodoll.com\/wp-content\/uploads\/elementor\/css\/custom-pro-widget-call-to-action.min.css?ver=1716435460\">\t\t<a class=\"elementor-cta\" href=\"https:\/\/protodoll.com\/et\/seksinuku-pildid\/\"><\/p>\n<div class=\"elementor-cta__bg-wrapper\">\n<div class=\"elementor-cta__bg elementor-bg\" style=\"background-image: url(https:\/\/protodoll.com\/wp-content\/uploads\/2024\/04\/redirect-1.jpg);\" role=\"img\" aria-label=\"redirect.jpg\"><\/div>\n<div class=\"elementor-cta__bg-overlay\"><\/div>\n<\/p><\/div>\n<div class=\"elementor-cta__content\">\n<h2 class=\"elementor-cta__title elementor-cta__content-item elementor-content-item elementor-animated-item--grow\">\n\t\t\t\t\t\t2500+ v\u00e4ikest mini-seksnukku <\/br>sexdollxxx .com\t\t\t\t\t<\/h2>\n<div class=\"elementor-cta__description elementor-cta__content-item elementor-content-item elementor-animated-item--grow\">\n\t\t\t\t\t\t40 cm, 60 cm, 80 cm, 100 cm, 120 cm, 140 cm\t\t\t\t\t<\/div>\n<div class=\"elementor-cta__button-wrapper elementor-cta__content-item elementor-content-item elementor-animated-item--grow\">\n\t\t\t\t\t<span class=\"elementor-cta__button elementor-button elementor-size-md\"><br \/>\n\t\t\t\t\t\tOsta n\u00fc\u00fcd\t\t\t\t\t<\/span>\n\t\t\t\t\t<\/div>\n<\/p><\/div>\n<p>\t\t\t\t\t\t<\/a>\n\t\t\t\t<\/div>\n<\/p><\/div>\n<\/p><\/div>\n<\/p><\/div>\n<\/p><\/div>\n<\/p><\/div>\n<\/p><\/div>","protected":false},"featured_media":15950,"comment_status":"closed","ping_status":"closed","template":"","meta":[],"product_cat":[778,761,762],"product_tag":[],"aioseo_notices":[],"_links":{"self":[{"href":"https:\/\/protodoll.com\/et\/wp-json\/wp\/v2\/product\/20173"}],"collection":[{"href":"https:\/\/protodoll.com\/et\/wp-json\/wp\/v2\/product"}],"about":[{"href":"https:\/\/protodoll.com\/et\/wp-json\/wp\/v2\/types\/product"}],"replies":[{"embeddable":true,"href":"https:\/\/protodoll.com\/et\/wp-json\/wp\/v2\/comments?post=20173"}],"version-history":[{"count":2,"href":"https:\/\/protodoll.com\/et\/wp-json\/wp\/v2\/product\/20173\/revisions"}],"predecessor-version":[{"id":21745,"href":"https:\/\/protodoll.com\/et\/wp-json\/wp\/v2\/product\/20173\/revisions\/21745"}],"wp:featuredmedia":[{"embeddable":true,"href":"https:\/\/protodoll.com\/et\/wp-json\/wp\/v2\/media\/15950"}],"wp:attachment":[{"href":"https:\/\/protodoll.com\/et\/wp-json\/wp\/v2\/media?parent=20173"}],"wp:term":[{"taxonomy":"product_cat","embeddable":true,"href":"https:\/\/protodoll.com\/et\/wp-json\/wp\/v2\/product_cat?post=20173"},{"taxonomy":"product_tag","embeddable":true,"href":"https:\/\/protodoll.com\/et\/wp-json\/wp\/v2\/product_tag?post=20173"}],"curies":[{"name":"wp","href":"https:\/\/api.w.org\/{rel}","templated":true}]}}