{"id":20429,"date":"2024-04-22T12:31:04","date_gmt":"2024-04-22T12:31:04","guid":{"rendered":"https:\/\/aimdoll.com\/product\/170-cm-chubby-black-sex-doll-lucy\/"},"modified":"2024-05-15T08:20:38","modified_gmt":"2024-05-15T08:20:38","slug":"170-cm-chubby-black-sex-doll-lucy","status":"publish","type":"product","link":"https:\/\/protodoll.com\/et\/product\/170-cm-turske-must-seksnukk-lucy\/","title":{"rendered":"170 cm Turske must seksnukk lucy"},"content":{"rendered":"<p>L\u00fchike, paks must seksnukk on valmistatud headest materjalidest ja selles on palju detaile. See on suurep\u00e4rane kasutamiseks inimeste vahel nende t\u00e4iskasvanueas (konsensuslik inimestevaheline suhtlus). Need Aasia v\u00e4ikesed nuku seksivideod on loodud teie seksikate unistuste rahuldamiseks.<\/p>\n<p>See v\u00e4ike suurte tissidega seksnukk on 170 cm pikk. Sellel on seksikas figuur, mis paneb sind samaaegselt h\u00e4mmastama ja \u0161okeerima. Hea arsti silikoonist valmistatud pehme ja ehtsa nahaga tundub iga puudutus t\u00f5elisena. Lucy nukk \u2013 minu v\u00e4ike seksikas plastm\u00e4nguasi n\u00e4eb v\u00e4ga ehtne v\u00e4lja, muutes ta atraktiivseks ja raskesti vastupandavaks. Tema keha on kujundatud igal v\u00f5imalikul viisil naudinguks.<\/p>\n<p>See lameda rinnaga m\u00e4nguasi t\u00e4iskasvanutele on hoolikalt valmistatud heade t\u00f6\u00f6tajate poolt. See n\u00e4eb v\u00e4lja ehtne ja v\u00f5ib h\u00e4sti liikuda, sest nad p\u00f6\u00f6ravad sellele palju t\u00e4helepanu, et veenduda, et see nii on. Seksinukkudel nagu Loli on suudlemiseks pehmed huuled ja nad tahavad, et neid konarlikes kohtades puudutataks. Nad ootavad valmis tegema seda, mida sa neile \u00fctled, kui toimub ka teismeliste porno.<\/p>\n<p>&nbsp;<\/p>\n\t\t<div data-elementor-type=\"section\" data-elementor-id=\"15956\" class=\"elementor elementor-15956\" data-elementor-post-type=\"elementor_library\">\n\t\t\t<div class=\"wd-negative-gap elementor-element elementor-element-e744d45 e-flex e-con-boxed e-con e-parent\" data-id=\"e744d45\" data-element_type=\"container\">\n\t\t\t\t\t<div class=\"e-con-inner\">\n\t\t<div class=\"wd-negative-gap elementor-element elementor-element-2abc4734 e-flex e-con-boxed e-con e-child\" data-id=\"2abc4734\" data-element_type=\"container\">\n\t\t\t\t\t<div class=\"e-con-inner\">\n\t\t<div class=\"wd-negative-gap elementor-element elementor-element-e4e90d0 e-flex e-con-boxed e-con e-child\" data-id=\"e4e90d0\" data-element_type=\"container\">\n\t\t\t\t\t<div class=\"e-con-inner\">\n\t\t\t\t<div class=\"elementor-element elementor-element-2191b1a4 elementor-cta--skin-cover elementor-animated-content elementor-bg-transform elementor-bg-transform-zoom-in elementor-widget elementor-widget-call-to-action\" data-id=\"2191b1a4\" data-element_type=\"widget\" data-widget_type=\"call-to-action.default\">\n\t\t\t\t<div class=\"elementor-widget-container\">\n\t\t\t\t\t<a class=\"elementor-cta\" href=\"https:\/\/protodoll.com\/et\/seksinuku-pildid\/\">\n\t\t\t\t\t<div class=\"elementor-cta__bg-wrapper\">\n\t\t\t\t<div class=\"elementor-cta__bg elementor-bg\" style=\"background-image: url(https:\/\/protodoll.com\/wp-content\/uploads\/2024\/04\/redirect.jpg);\" role=\"img\" aria-label=\"\u00fcmber suunata\"><\/div>\n\t\t\t\t<div class=\"elementor-cta__bg-overlay\"><\/div>\n\t\t\t<\/div>\n\t\t\t\t\t\t\t<div class=\"elementor-cta__content\">\n\t\t\t\t\n\t\t\t\t\t\t\t\t\t<h2 class=\"elementor-cta__title elementor-cta__content-item elementor-content-item elementor-animated-item--grow\">\n\t\t\t\t\t\t2500+ v\u00e4ikest mini-seksnukku <\/br>sexdollxxx .com\t\t\t\t\t<\/h2>\n\t\t\t\t\n\t\t\t\t\t\t\t\t\t<div class=\"elementor-cta__description elementor-cta__content-item elementor-content-item elementor-animated-item--grow\">\n\t\t\t\t\t\t40 cm, 60 cm, 80 cm, 100 cm, 120 cm, 140 cm\t\t\t\t\t<\/div>\n\t\t\t\t\n\t\t\t\t\t\t\t\t\t<div class=\"elementor-cta__button-wrapper elementor-cta__content-item elementor-content-item elementor-animated-item--grow\">\n\t\t\t\t\t<span class=\"elementor-cta__button elementor-button elementor-size-md\">\n\t\t\t\t\t\tOsta n\u00fc\u00fcd\t\t\t\t\t<\/span>\n\t\t\t\t\t<\/div>\n\t\t\t\t\t\t\t<\/div>\n\t\t\t\t\t\t<\/a>\n\t\t\t\t<\/div>\n\t\t\t\t<\/div>\n\t\t\t\t\t<\/div>\n\t\t\t\t<\/div>\n\t\t\t\t\t<\/div>\n\t\t\t\t<\/div>\n\t\t\t\t\t<\/div>\n\t\t\t\t<\/div>\n\t\t\t\t<\/div>","protected":false},"excerpt":{"rendered":"<div data-elementor-type=\"section\" data-elementor-id=\"15952\" class=\"elementor elementor-15952\" data-elementor-post-type=\"elementor_library\">\n<div class=\"wd-negative-gap elementor-element elementor-element-49f97e26 e-flex e-con-boxed e-con e-parent\" data-id=\"49f97e26\" data-element_type=\"container\">\n<div class=\"e-con-inner\">\n<div class=\"wd-negative-gap elementor-element elementor-element-449b9556 e-flex e-con-boxed e-con e-child\" data-id=\"449b9556\" data-element_type=\"container\">\n<div class=\"e-con-inner\">\n<div class=\"elementor-element elementor-element-613a7c10 elementor-cta--skin-cover elementor-animated-content elementor-bg-transform elementor-bg-transform-zoom-in elementor-widget elementor-widget-call-to-action\" data-id=\"613a7c10\" data-element_type=\"widget\" data-widget_type=\"call-to-action.default\">\n<div class=\"elementor-widget-container\">\n\t\t\t<link rel=\"stylesheet\" href=\"https:\/\/protodoll.com\/wp-content\/uploads\/elementor\/css\/custom-pro-widget-call-to-action.min.css?ver=1716435460\">\t\t<a class=\"elementor-cta\" href=\"https:\/\/protodoll.com\/et\/seksinuku-pildid\/\"><\/p>\n<div class=\"elementor-cta__bg-wrapper\">\n<div class=\"elementor-cta__bg elementor-bg\" style=\"background-image: url(https:\/\/protodoll.com\/wp-content\/uploads\/2024\/04\/redirect-1.jpg);\" role=\"img\" aria-label=\"redirect.jpg\"><\/div>\n<div class=\"elementor-cta__bg-overlay\"><\/div>\n<\/p><\/div>\n<div class=\"elementor-cta__content\">\n<h2 class=\"elementor-cta__title elementor-cta__content-item elementor-content-item elementor-animated-item--grow\">\n\t\t\t\t\t\t2500+ v\u00e4ikest mini-seksnukku <\/br>sexdollxxx .com\t\t\t\t\t<\/h2>\n<div class=\"elementor-cta__description elementor-cta__content-item elementor-content-item elementor-animated-item--grow\">\n\t\t\t\t\t\t40 cm, 60 cm, 80 cm, 100 cm, 120 cm, 140 cm\t\t\t\t\t<\/div>\n<div class=\"elementor-cta__button-wrapper elementor-cta__content-item elementor-content-item elementor-animated-item--grow\">\n\t\t\t\t\t<span class=\"elementor-cta__button elementor-button elementor-size-md\"><br \/>\n\t\t\t\t\t\tOsta n\u00fc\u00fcd\t\t\t\t\t<\/span>\n\t\t\t\t\t<\/div>\n<\/p><\/div>\n<p>\t\t\t\t\t\t<\/a>\n\t\t\t\t<\/div>\n<\/p><\/div>\n<\/p><\/div>\n<\/p><\/div>\n<\/p><\/div>\n<\/p><\/div>\n<\/p><\/div>","protected":false},"featured_media":15950,"comment_status":"closed","ping_status":"closed","template":"","meta":[],"product_cat":[785,803,797],"product_tag":[],"aioseo_notices":[],"_links":{"self":[{"href":"https:\/\/protodoll.com\/et\/wp-json\/wp\/v2\/product\/20429"}],"collection":[{"href":"https:\/\/protodoll.com\/et\/wp-json\/wp\/v2\/product"}],"about":[{"href":"https:\/\/protodoll.com\/et\/wp-json\/wp\/v2\/types\/product"}],"replies":[{"embeddable":true,"href":"https:\/\/protodoll.com\/et\/wp-json\/wp\/v2\/comments?post=20429"}],"version-history":[{"count":1,"href":"https:\/\/protodoll.com\/et\/wp-json\/wp\/v2\/product\/20429\/revisions"}],"predecessor-version":[{"id":20430,"href":"https:\/\/protodoll.com\/et\/wp-json\/wp\/v2\/product\/20429\/revisions\/20430"}],"wp:featuredmedia":[{"embeddable":true,"href":"https:\/\/protodoll.com\/et\/wp-json\/wp\/v2\/media\/15950"}],"wp:attachment":[{"href":"https:\/\/protodoll.com\/et\/wp-json\/wp\/v2\/media?parent=20429"}],"wp:term":[{"taxonomy":"product_cat","embeddable":true,"href":"https:\/\/protodoll.com\/et\/wp-json\/wp\/v2\/product_cat?post=20429"},{"taxonomy":"product_tag","embeddable":true,"href":"https:\/\/protodoll.com\/et\/wp-json\/wp\/v2\/product_tag?post=20429"}],"curies":[{"name":"wp","href":"https:\/\/api.w.org\/{rel}","templated":true}]}}