{"id":20959,"date":"2024-04-22T12:31:56","date_gmt":"2024-04-22T12:31:56","guid":{"rendered":"https:\/\/aimdoll.com\/product\/lifelike-redhead-mini-sex-doll-porn-factory\/"},"modified":"2024-05-14T08:03:37","modified_gmt":"2024-05-14T08:03:37","slug":"lifelike-redhead-mini-sex-doll-porn-factory","status":"publish","type":"product","link":"https:\/\/protodoll.com\/et\/product\/elutruu-punapea-mini-seksnuku-pornotehas\/","title":{"rendered":"Elutruu punapea mini-seksnuku pornotehas"},"content":{"rendered":"<p>Elutruu noor seksnukk sobib suurep\u00e4raselt neile, kes peavad kogema seksuaalset rahuldust. 100 cm pikkuse teismelise seksinukuga saate naudingulaineid \u00fcles ehitada aeglaselt. Mini-seksnukuvideo n\u00e4itab, kui ilus v\u00f5ib orgasm olla. Lihtsamalt \u00f6eldes on k\u00f5ik, millest unistasite seksuaalselt, v\u00f5imalik, kui ostate punapea seksinuku mininuku.<\/p>\n<p>&nbsp;<\/p>\n<p>Anime mini-seksnukuporno aitab teil harjutada. Seksuaalteadmisi saab avastada Danny sex bang my little pony doll abil. 165 cm seksnukkude tehas disainib erinevaid seksnukke nagu mini-seksnuku kett pruunid juuksed jm.<\/p>\n<p>&nbsp;<\/p>\n<p>Seks 140 cm nukuvideo ja teismelise kohandatud seksnukuga \u00fcletab teie ootused. Punapea seksnukk mini on ideaalne nukk, mis hoiab teie seksuaalse isu kontrolli all. Sa ei pea muretsema seksi sageduse p\u00e4rast, oluline on vaid sinu rahulolu ja aistingud.<\/p>\n<p>&nbsp;<\/p>\n\t\t<div data-elementor-type=\"section\" data-elementor-id=\"15956\" class=\"elementor elementor-15956\" data-elementor-post-type=\"elementor_library\">\n\t\t\t<div class=\"wd-negative-gap elementor-element elementor-element-e744d45 e-flex e-con-boxed e-con e-parent\" data-id=\"e744d45\" data-element_type=\"container\">\n\t\t\t\t\t<div class=\"e-con-inner\">\n\t\t<div class=\"wd-negative-gap elementor-element elementor-element-2abc4734 e-flex e-con-boxed e-con e-child\" data-id=\"2abc4734\" data-element_type=\"container\">\n\t\t\t\t\t<div class=\"e-con-inner\">\n\t\t<div class=\"wd-negative-gap elementor-element elementor-element-e4e90d0 e-flex e-con-boxed e-con e-child\" data-id=\"e4e90d0\" data-element_type=\"container\">\n\t\t\t\t\t<div class=\"e-con-inner\">\n\t\t\t\t<div class=\"elementor-element elementor-element-2191b1a4 elementor-cta--skin-cover elementor-animated-content elementor-bg-transform elementor-bg-transform-zoom-in elementor-widget elementor-widget-call-to-action\" data-id=\"2191b1a4\" data-element_type=\"widget\" data-widget_type=\"call-to-action.default\">\n\t\t\t\t<div class=\"elementor-widget-container\">\n\t\t\t\t\t<a class=\"elementor-cta\" href=\"https:\/\/protodoll.com\/et\/seksinuku-pildid\/\">\n\t\t\t\t\t<div class=\"elementor-cta__bg-wrapper\">\n\t\t\t\t<div class=\"elementor-cta__bg elementor-bg\" style=\"background-image: url(https:\/\/protodoll.com\/wp-content\/uploads\/2024\/04\/redirect.jpg);\" role=\"img\" aria-label=\"\u00fcmber suunata\"><\/div>\n\t\t\t\t<div class=\"elementor-cta__bg-overlay\"><\/div>\n\t\t\t<\/div>\n\t\t\t\t\t\t\t<div class=\"elementor-cta__content\">\n\t\t\t\t\n\t\t\t\t\t\t\t\t\t<h2 class=\"elementor-cta__title elementor-cta__content-item elementor-content-item elementor-animated-item--grow\">\n\t\t\t\t\t\t2500+ v\u00e4ikest mini-seksnukku <\/br>sexdollxxx .com\t\t\t\t\t<\/h2>\n\t\t\t\t\n\t\t\t\t\t\t\t\t\t<div class=\"elementor-cta__description elementor-cta__content-item elementor-content-item elementor-animated-item--grow\">\n\t\t\t\t\t\t40 cm, 60 cm, 80 cm, 100 cm, 120 cm, 140 cm\t\t\t\t\t<\/div>\n\t\t\t\t\n\t\t\t\t\t\t\t\t\t<div class=\"elementor-cta__button-wrapper elementor-cta__content-item elementor-content-item elementor-animated-item--grow\">\n\t\t\t\t\t<span class=\"elementor-cta__button elementor-button elementor-size-md\">\n\t\t\t\t\t\tOsta n\u00fc\u00fcd\t\t\t\t\t<\/span>\n\t\t\t\t\t<\/div>\n\t\t\t\t\t\t\t<\/div>\n\t\t\t\t\t\t<\/a>\n\t\t\t\t<\/div>\n\t\t\t\t<\/div>\n\t\t\t\t\t<\/div>\n\t\t\t\t<\/div>\n\t\t\t\t\t<\/div>\n\t\t\t\t<\/div>\n\t\t\t\t\t<\/div>\n\t\t\t\t<\/div>\n\t\t\t\t<\/div>","protected":false},"excerpt":{"rendered":"<div data-elementor-type=\"section\" data-elementor-id=\"15952\" class=\"elementor elementor-15952\" data-elementor-post-type=\"elementor_library\">\n<div class=\"wd-negative-gap elementor-element elementor-element-49f97e26 e-flex e-con-boxed e-con e-parent\" data-id=\"49f97e26\" data-element_type=\"container\">\n<div class=\"e-con-inner\">\n<div class=\"wd-negative-gap elementor-element elementor-element-449b9556 e-flex e-con-boxed e-con e-child\" data-id=\"449b9556\" data-element_type=\"container\">\n<div class=\"e-con-inner\">\n<div class=\"elementor-element elementor-element-613a7c10 elementor-cta--skin-cover elementor-animated-content elementor-bg-transform elementor-bg-transform-zoom-in elementor-widget elementor-widget-call-to-action\" data-id=\"613a7c10\" data-element_type=\"widget\" data-widget_type=\"call-to-action.default\">\n<div class=\"elementor-widget-container\">\n\t\t\t<link rel=\"stylesheet\" href=\"https:\/\/protodoll.com\/wp-content\/uploads\/elementor\/css\/custom-pro-widget-call-to-action.min.css?ver=1716435460\">\t\t<a class=\"elementor-cta\" href=\"https:\/\/protodoll.com\/et\/seksinuku-pildid\/\"><\/p>\n<div class=\"elementor-cta__bg-wrapper\">\n<div class=\"elementor-cta__bg elementor-bg\" style=\"background-image: url(https:\/\/protodoll.com\/wp-content\/uploads\/2024\/04\/redirect-1.jpg);\" role=\"img\" aria-label=\"redirect.jpg\"><\/div>\n<div class=\"elementor-cta__bg-overlay\"><\/div>\n<\/p><\/div>\n<div class=\"elementor-cta__content\">\n<h2 class=\"elementor-cta__title elementor-cta__content-item elementor-content-item elementor-animated-item--grow\">\n\t\t\t\t\t\t2500+ v\u00e4ikest mini-seksnukku <\/br>sexdollxxx .com\t\t\t\t\t<\/h2>\n<div class=\"elementor-cta__description elementor-cta__content-item elementor-content-item elementor-animated-item--grow\">\n\t\t\t\t\t\t40 cm, 60 cm, 80 cm, 100 cm, 120 cm, 140 cm\t\t\t\t\t<\/div>\n<div class=\"elementor-cta__button-wrapper elementor-cta__content-item elementor-content-item elementor-animated-item--grow\">\n\t\t\t\t\t<span class=\"elementor-cta__button elementor-button elementor-size-md\"><br \/>\n\t\t\t\t\t\tOsta n\u00fc\u00fcd\t\t\t\t\t<\/span>\n\t\t\t\t\t<\/div>\n<\/p><\/div>\n<p>\t\t\t\t\t\t<\/a>\n\t\t\t\t<\/div>\n<\/p><\/div>\n<\/p><\/div>\n<\/p><\/div>\n<\/p><\/div>\n<\/p><\/div>\n<\/p><\/div>","protected":false},"featured_media":15950,"comment_status":"closed","ping_status":"closed","template":"","meta":[],"product_cat":[805,785,804],"product_tag":[],"aioseo_notices":[],"_links":{"self":[{"href":"https:\/\/protodoll.com\/et\/wp-json\/wp\/v2\/product\/20959"}],"collection":[{"href":"https:\/\/protodoll.com\/et\/wp-json\/wp\/v2\/product"}],"about":[{"href":"https:\/\/protodoll.com\/et\/wp-json\/wp\/v2\/types\/product"}],"replies":[{"embeddable":true,"href":"https:\/\/protodoll.com\/et\/wp-json\/wp\/v2\/comments?post=20959"}],"version-history":[{"count":1,"href":"https:\/\/protodoll.com\/et\/wp-json\/wp\/v2\/product\/20959\/revisions"}],"predecessor-version":[{"id":20960,"href":"https:\/\/protodoll.com\/et\/wp-json\/wp\/v2\/product\/20959\/revisions\/20960"}],"wp:featuredmedia":[{"embeddable":true,"href":"https:\/\/protodoll.com\/et\/wp-json\/wp\/v2\/media\/15950"}],"wp:attachment":[{"href":"https:\/\/protodoll.com\/et\/wp-json\/wp\/v2\/media?parent=20959"}],"wp:term":[{"taxonomy":"product_cat","embeddable":true,"href":"https:\/\/protodoll.com\/et\/wp-json\/wp\/v2\/product_cat?post=20959"},{"taxonomy":"product_tag","embeddable":true,"href":"https:\/\/protodoll.com\/et\/wp-json\/wp\/v2\/product_tag?post=20959"}],"curies":[{"name":"wp","href":"https:\/\/api.w.org\/{rel}","templated":true}]}}