{"id":21077,"date":"2024-04-22T12:32:08","date_gmt":"2024-04-22T12:32:08","guid":{"rendered":"https:\/\/aimdoll.com\/product\/real-japanese-teen-silicone-mini-sex-doll\/"},"modified":"2024-05-14T08:14:48","modified_gmt":"2024-05-14T08:14:48","slug":"real-japanese-teen-silicone-mini-sex-doll","status":"publish","type":"product","link":"https:\/\/protodoll.com\/et\/product\/toeline-jaapani-teismeliste-silikoonist-mini-seksnukk\/","title":{"rendered":"T\u00f5eline Jaapani teismeliste silikoonist mini-seksnukk"},"content":{"rendered":"<p>2015. aasta uuel 100 cm pikkusel love Dolls seksnukul on paindlikkust toetav luustik. Meeste pisikese suuga seksnukk on ideaalne, kui tegemist on suhut\u00f6\u00f6ga. Teismeline t\u00fcdruk, kuradi t\u00f5eline nukk, teeb seda ilma vaevata, pidades silmas oma orgasme. T\u00f5elise teismeliste sekskooli t\u00fcdruku nuku kuradimine seksiaksessuaaridega on plaan seksuaalse pinge leevendamiseks.<\/p>\n<p>&nbsp;<\/p>\n<p>100 cm pikkune realistlik silikoonist seksnukk tagab vastupidavuse ja teie rahulolu. Proovi anaalseksi v\u00e4ikese silikoonist alasti nukuga, mis ei kurda ega rabele. Tema p\u00e4rakuava v\u00f5ib v\u00f5tta teie munni t\u00e4ispikkuses.<\/p>\n<p>&nbsp;<\/p>\n<p>Silikoonist seksnukkude sari ei saa seksist kunagi v\u00e4sinud. Sel hetkel, kui seksi ihaldad, on 152 cm pikkune seksnukk valmis, erutatud ja ootamas. Jaapani laps seksinukk on realistlik nukk, kus mees seksib mininuku pornovideoga. Kui teile meeldivad v\u00f5rgus n\u00e4htavad funktsioonid, peaksite hankima Jaapani lapse seksnuku.<\/p>\n<p>&nbsp;<\/p>\n<p>&nbsp;<\/p>\n\t\t<div data-elementor-type=\"section\" data-elementor-id=\"15956\" class=\"elementor elementor-15956\" data-elementor-post-type=\"elementor_library\">\n\t\t\t<div class=\"wd-negative-gap elementor-element elementor-element-e744d45 e-flex e-con-boxed e-con e-parent\" data-id=\"e744d45\" data-element_type=\"container\">\n\t\t\t\t\t<div class=\"e-con-inner\">\n\t\t<div class=\"wd-negative-gap elementor-element elementor-element-2abc4734 e-flex e-con-boxed e-con e-child\" data-id=\"2abc4734\" data-element_type=\"container\">\n\t\t\t\t\t<div class=\"e-con-inner\">\n\t\t<div class=\"wd-negative-gap elementor-element elementor-element-e4e90d0 e-flex e-con-boxed e-con e-child\" data-id=\"e4e90d0\" data-element_type=\"container\">\n\t\t\t\t\t<div class=\"e-con-inner\">\n\t\t\t\t<div class=\"elementor-element elementor-element-2191b1a4 elementor-cta--skin-cover elementor-animated-content elementor-bg-transform elementor-bg-transform-zoom-in elementor-widget elementor-widget-call-to-action\" data-id=\"2191b1a4\" data-element_type=\"widget\" data-widget_type=\"call-to-action.default\">\n\t\t\t\t<div class=\"elementor-widget-container\">\n\t\t\t\t\t<a class=\"elementor-cta\" href=\"https:\/\/protodoll.com\/et\/seksinuku-pildid\/\">\n\t\t\t\t\t<div class=\"elementor-cta__bg-wrapper\">\n\t\t\t\t<div class=\"elementor-cta__bg elementor-bg\" style=\"background-image: url(https:\/\/protodoll.com\/wp-content\/uploads\/2024\/04\/redirect.jpg);\" role=\"img\" aria-label=\"\u00fcmber suunata\"><\/div>\n\t\t\t\t<div class=\"elementor-cta__bg-overlay\"><\/div>\n\t\t\t<\/div>\n\t\t\t\t\t\t\t<div class=\"elementor-cta__content\">\n\t\t\t\t\n\t\t\t\t\t\t\t\t\t<h2 class=\"elementor-cta__title elementor-cta__content-item elementor-content-item elementor-animated-item--grow\">\n\t\t\t\t\t\t2500+ v\u00e4ikest mini-seksnukku <\/br>sexdollxxx .com\t\t\t\t\t<\/h2>\n\t\t\t\t\n\t\t\t\t\t\t\t\t\t<div class=\"elementor-cta__description elementor-cta__content-item elementor-content-item elementor-animated-item--grow\">\n\t\t\t\t\t\t40 cm, 60 cm, 80 cm, 100 cm, 120 cm, 140 cm\t\t\t\t\t<\/div>\n\t\t\t\t\n\t\t\t\t\t\t\t\t\t<div class=\"elementor-cta__button-wrapper elementor-cta__content-item elementor-content-item elementor-animated-item--grow\">\n\t\t\t\t\t<span class=\"elementor-cta__button elementor-button elementor-size-md\">\n\t\t\t\t\t\tOsta n\u00fc\u00fcd\t\t\t\t\t<\/span>\n\t\t\t\t\t<\/div>\n\t\t\t\t\t\t\t<\/div>\n\t\t\t\t\t\t<\/a>\n\t\t\t\t<\/div>\n\t\t\t\t<\/div>\n\t\t\t\t\t<\/div>\n\t\t\t\t<\/div>\n\t\t\t\t\t<\/div>\n\t\t\t\t<\/div>\n\t\t\t\t\t<\/div>\n\t\t\t\t<\/div>\n\t\t\t\t<\/div>","protected":false},"excerpt":{"rendered":"<div data-elementor-type=\"section\" data-elementor-id=\"15952\" class=\"elementor elementor-15952\" data-elementor-post-type=\"elementor_library\">\n<div class=\"wd-negative-gap elementor-element elementor-element-49f97e26 e-flex e-con-boxed e-con e-parent\" data-id=\"49f97e26\" data-element_type=\"container\">\n<div class=\"e-con-inner\">\n<div class=\"wd-negative-gap elementor-element elementor-element-449b9556 e-flex e-con-boxed e-con e-child\" data-id=\"449b9556\" data-element_type=\"container\">\n<div class=\"e-con-inner\">\n<div class=\"elementor-element elementor-element-613a7c10 elementor-cta--skin-cover elementor-animated-content elementor-bg-transform elementor-bg-transform-zoom-in elementor-widget elementor-widget-call-to-action\" data-id=\"613a7c10\" data-element_type=\"widget\" data-widget_type=\"call-to-action.default\">\n<div class=\"elementor-widget-container\">\n\t\t\t<link rel=\"stylesheet\" href=\"https:\/\/protodoll.com\/wp-content\/uploads\/elementor\/css\/custom-pro-widget-call-to-action.min.css?ver=1716435460\">\t\t<a class=\"elementor-cta\" href=\"https:\/\/protodoll.com\/et\/seksinuku-pildid\/\"><\/p>\n<div class=\"elementor-cta__bg-wrapper\">\n<div class=\"elementor-cta__bg elementor-bg\" style=\"background-image: url(https:\/\/protodoll.com\/wp-content\/uploads\/2024\/04\/redirect-1.jpg);\" role=\"img\" aria-label=\"redirect.jpg\"><\/div>\n<div class=\"elementor-cta__bg-overlay\"><\/div>\n<\/p><\/div>\n<div class=\"elementor-cta__content\">\n<h2 class=\"elementor-cta__title elementor-cta__content-item elementor-content-item elementor-animated-item--grow\">\n\t\t\t\t\t\t2500+ v\u00e4ikest mini-seksnukku <\/br>sexdollxxx .com\t\t\t\t\t<\/h2>\n<div class=\"elementor-cta__description elementor-cta__content-item elementor-content-item elementor-animated-item--grow\">\n\t\t\t\t\t\t40 cm, 60 cm, 80 cm, 100 cm, 120 cm, 140 cm\t\t\t\t\t<\/div>\n<div class=\"elementor-cta__button-wrapper elementor-cta__content-item elementor-content-item elementor-animated-item--grow\">\n\t\t\t\t\t<span class=\"elementor-cta__button elementor-button elementor-size-md\"><br \/>\n\t\t\t\t\t\tOsta n\u00fc\u00fcd\t\t\t\t\t<\/span>\n\t\t\t\t\t<\/div>\n<\/p><\/div>\n<p>\t\t\t\t\t\t<\/a>\n\t\t\t\t<\/div>\n<\/p><\/div>\n<\/p><\/div>\n<\/p><\/div>\n<\/p><\/div>\n<\/p><\/div>\n<\/p><\/div>","protected":false},"featured_media":15950,"comment_status":"closed","ping_status":"closed","template":"","meta":[],"product_cat":[774,792,786],"product_tag":[],"aioseo_notices":[],"_links":{"self":[{"href":"https:\/\/protodoll.com\/et\/wp-json\/wp\/v2\/product\/21077"}],"collection":[{"href":"https:\/\/protodoll.com\/et\/wp-json\/wp\/v2\/product"}],"about":[{"href":"https:\/\/protodoll.com\/et\/wp-json\/wp\/v2\/types\/product"}],"replies":[{"embeddable":true,"href":"https:\/\/protodoll.com\/et\/wp-json\/wp\/v2\/comments?post=21077"}],"version-history":[{"count":2,"href":"https:\/\/protodoll.com\/et\/wp-json\/wp\/v2\/product\/21077\/revisions"}],"predecessor-version":[{"id":21728,"href":"https:\/\/protodoll.com\/et\/wp-json\/wp\/v2\/product\/21077\/revisions\/21728"}],"wp:featuredmedia":[{"embeddable":true,"href":"https:\/\/protodoll.com\/et\/wp-json\/wp\/v2\/media\/15950"}],"wp:attachment":[{"href":"https:\/\/protodoll.com\/et\/wp-json\/wp\/v2\/media?parent=21077"}],"wp:term":[{"taxonomy":"product_cat","embeddable":true,"href":"https:\/\/protodoll.com\/et\/wp-json\/wp\/v2\/product_cat?post=21077"},{"taxonomy":"product_tag","embeddable":true,"href":"https:\/\/protodoll.com\/et\/wp-json\/wp\/v2\/product_tag?post=21077"}],"curies":[{"name":"wp","href":"https:\/\/api.w.org\/{rel}","templated":true}]}}